{"id":1203,"date":"2024-07-30T14:48:20","date_gmt":"2024-07-30T07:48:20","guid":{"rendered":"https:\/\/zahavietnam.com\/?page_id=1203"},"modified":"2024-07-30T14:56:28","modified_gmt":"2024-07-30T07:56:28","slug":"dau-goi","status":"publish","type":"page","link":"https:\/\/zahavietnam.com\/?page_id=1203","title":{"rendered":"D\u1ea7u G\u1ed9i"},"content":{"rendered":"<p><!-- -----------------------\n    Filterable product navbar\n    ------------------------- --><\/p>\n<ul>\n                    <\/ul>\n<p>    <!-- -----------------------\n    Filterable product content\n    ------------------------- --><br \/>\n            <a title=\"Product Thumbnail\" href=\"https:\/\/zahavietnam.com\/product\/serum-hair-regrowth-30ml\/\"><br \/>\n\t\t\t\t<img loading=\"lazy\" width=\"2560\" height=\"2560\" src=\"https:\/\/zahavietnam.com\/wp-content\/uploads\/2024\/07\/Render_Mockup_3000_4000_2024-07-09-scaled.jpg\" alt=\"\" decoding=\"async\" srcset=\"https:\/\/zahavietnam.com\/wp-content\/uploads\/2024\/07\/Render_Mockup_3000_4000_2024-07-09-scaled.jpg 2560w, https:\/\/zahavietnam.com\/wp-content\/uploads\/2024\/07\/Render_Mockup_3000_4000_2024-07-09-300x300.jpg 300w, https:\/\/zahavietnam.com\/wp-content\/uploads\/2024\/07\/Render_Mockup_3000_4000_2024-07-09-1024x1024.jpg 1024w, https:\/\/zahavietnam.com\/wp-content\/uploads\/2024\/07\/Render_Mockup_3000_4000_2024-07-09-150x150.jpg 150w, https:\/\/zahavietnam.com\/wp-content\/uploads\/2024\/07\/Render_Mockup_3000_4000_2024-07-09-768x768.jpg 768w, https:\/\/zahavietnam.com\/wp-content\/uploads\/2024\/07\/Render_Mockup_3000_4000_2024-07-09-1536x1536.jpg 1536w, https:\/\/zahavietnam.com\/wp-content\/uploads\/2024\/07\/Render_Mockup_3000_4000_2024-07-09-2048x2048.jpg 2048w, https:\/\/zahavietnam.com\/wp-content\/uploads\/2024\/07\/Render_Mockup_3000_4000_2024-07-09-600x600.jpg 600w, https:\/\/zahavietnam.com\/wp-content\/uploads\/2024\/07\/Render_Mockup_3000_4000_2024-07-09-100x100.jpg 100w\" sizes=\"auto, (max-width: 2560px) 100vw, 2560px\" \/>            <\/a><br \/>\n            <!-- end sale date --><br \/>\n\t\t\t            <!-- tag and sale badge --><\/p>\n<ul>\n<li class='badge no-link sale'>Sale!<\/li>\n<\/ul>\n<p>            <!-- show group buttons --><br \/>\n\t\t\t\t\t\t<a data-pid=\"1181\" href=\"#\" ><\/a><a title='Quick View' class='shopengine-quickview-trigger se-btn'\n\t\t\t\t\tdata-source-url='https:\/\/zahavietnam.com\/product\/serum-hair-regrowth-30ml\/'\n\t\t\t\t\thref='https:\/\/zahavietnam.com\/product\/serum-hair-regrowth-30ml\/'><br \/>\n\t\t\t\t<\/a><a href=\"?add-to-cart=1181\" aria-describedby=\"woocommerce_loop_add_to_cart_link_describedby_1181\" data-quantity=\"1\" data-product_id=\"1181\" data-product_sku=\"01-W-1-1-1\" aria-label=\"Th\u00eam v\u00e0o gi\u1ecf h\u00e0ng: &ldquo;Serum Hair Regrowth 30ml&rdquo;\" rel=\"nofollow\">Th\u00eam v\u00e0o gi\u1ecf h\u00e0ng<\/a><a data-payload='{\"pid\":1181}'>  <\/a><a data-source-url=\"https:\/\/zahavietnam.com\/thoan-toan\/\" href=\"#\"><\/a><\/p>\n<h3 class='product-title'>\n            <a title=\"View Product Details\" href=\"https:\/\/zahavietnam.com\/product\/serum-hair-regrowth-30ml\/\">Serum Hair Regrowth 30ml<\/a><br \/>\n        <\/h3>\n<p>\t\t\t\u0110\u01b0\u1ee3c x\u1ebfp h\u1ea1ng <strong>0<\/strong> 5 sao(0)        <\/p>\n<p><del><bdi>&#36;1,100,000.00<\/bdi><\/del> <ins><bdi>&#36;495,000.00<\/bdi><\/ins><br \/>&nbsp;55% OFF<\/p>\n<p>\t\t\t\t<a data-pid=\"1181\" href=\"#\" ><\/a><a title='Quick View' class='shopengine-quickview-trigger se-btn'\n\t\t\t\t\tdata-source-url='https:\/\/zahavietnam.com\/product\/serum-hair-regrowth-30ml\/'\n\t\t\t\t\thref='https:\/\/zahavietnam.com\/product\/serum-hair-regrowth-30ml\/'><br \/>\n\t\t\t\t<\/a><a href=\"?add-to-cart=1181\" aria-describedby=\"woocommerce_loop_add_to_cart_link_describedby_1181\" data-quantity=\"1\" data-product_id=\"1181\" data-product_sku=\"01-W-1-1-1\" aria-label=\"Th\u00eam v\u00e0o gi\u1ecf h\u00e0ng: &ldquo;Serum Hair Regrowth 30ml&rdquo;\" rel=\"nofollow\">Th\u00eam v\u00e0o gi\u1ecf h\u00e0ng<\/a><a data-payload='{\"pid\":1181}'>  <\/a><a data-source-url=\"https:\/\/zahavietnam.com\/thoan-toan\/\" href=\"#\"><\/a><br \/>\n            <a title=\"Product Thumbnail\" href=\"https:\/\/zahavietnam.com\/product\/dau-goi-derma-scalp-shampoo-giam-rung-toc-va-kich-thich-moc-toc-con-sao-chep\/\"><br \/>\n\t\t\t\t<img loading=\"lazy\" width=\"1920\" height=\"2560\" src=\"https:\/\/zahavietnam.com\/wp-content\/uploads\/2024\/07\/Render_Mockup_3000_4000_2024-07-08-1-1-scaled.jpg\" alt=\"\" decoding=\"async\" srcset=\"https:\/\/zahavietnam.com\/wp-content\/uploads\/2024\/07\/Render_Mockup_3000_4000_2024-07-08-1-1-scaled.jpg 1920w, https:\/\/zahavietnam.com\/wp-content\/uploads\/2024\/07\/Render_Mockup_3000_4000_2024-07-08-1-1-225x300.jpg 225w, https:\/\/zahavietnam.com\/wp-content\/uploads\/2024\/07\/Render_Mockup_3000_4000_2024-07-08-1-1-768x1024.jpg 768w, https:\/\/zahavietnam.com\/wp-content\/uploads\/2024\/07\/Render_Mockup_3000_4000_2024-07-08-1-1-1152x1536.jpg 1152w, https:\/\/zahavietnam.com\/wp-content\/uploads\/2024\/07\/Render_Mockup_3000_4000_2024-07-08-1-1-1536x2048.jpg 1536w, https:\/\/zahavietnam.com\/wp-content\/uploads\/2024\/07\/Render_Mockup_3000_4000_2024-07-08-1-1-600x800.jpg 600w\" sizes=\"auto, (max-width: 1920px) 100vw, 1920px\" \/>            <\/a><br \/>\n            <!-- end sale date --><br \/>\n\t\t\t            <!-- tag and sale badge --><\/p>\n<ul>\n<li class='badge no-link sale'>Sale!<\/li>\n<\/ul>\n<p>            <!-- show group buttons --><br \/>\n\t\t\t\t\t\t<a data-pid=\"1180\" href=\"#\" ><\/a><a title='Quick View' class='shopengine-quickview-trigger se-btn'\n\t\t\t\t\tdata-source-url='https:\/\/zahavietnam.com\/product\/dau-goi-derma-scalp-shampoo-giam-rung-toc-va-kich-thich-moc-toc-con-sao-chep\/'\n\t\t\t\t\thref='https:\/\/zahavietnam.com\/product\/dau-goi-derma-scalp-shampoo-giam-rung-toc-va-kich-thich-moc-toc-con-sao-chep\/'><br \/>\n\t\t\t\t<\/a><a href=\"?add-to-cart=1180\" aria-describedby=\"woocommerce_loop_add_to_cart_link_describedby_1180\" data-quantity=\"1\" data-product_id=\"1180\" data-product_sku=\"01-W-1-1\" aria-label=\"Th\u00eam v\u00e0o gi\u1ecf h\u00e0ng: &ldquo;D\u1ea7u g\u1ed9i Derma Scalp Shampoo - Gi\u1ea3m R\u1ee5ng T\u00f3c V\u00e0 K\u00edch Th\u00edch M\u1ecdc T\u00f3c Con (Sao ch\u00e9p)&rdquo;\" rel=\"nofollow\">Th\u00eam v\u00e0o gi\u1ecf h\u00e0ng<\/a><a data-payload='{\"pid\":1180}'>  <\/a><a data-source-url=\"https:\/\/zahavietnam.com\/thoan-toan\/\" href=\"#\"><\/a><\/p>\n<h3 class='product-title'>\n            <a title=\"View Product Details\" href=\"https:\/\/zahavietnam.com\/product\/dau-goi-derma-scalp-shampoo-giam-rung-toc-va-kich-thich-moc-toc-con-sao-chep\/\">D\u1ea7u g\u1ed9i Derma Scalp Shampoo &#8211; Gi\u1ea3m R\u1ee5ng T\u00f3c V\u00e0 K\u00edch Th\u00edch M\u1ecdc T\u00f3c Con (Sao ch\u00e9p)<\/a><br \/>\n        <\/h3>\n<p>\t\t\t\u0110\u01b0\u1ee3c x\u1ebfp h\u1ea1ng <strong>0<\/strong> 5 sao(0)        <\/p>\n<p><del><bdi>&#36;1,100,000.00<\/bdi><\/del> <ins><bdi>&#36;495,000.00<\/bdi><\/ins><br \/>&nbsp;55% OFF<\/p>\n<p>\t\t\t\t<a data-pid=\"1180\" href=\"#\" ><\/a><a title='Quick View' class='shopengine-quickview-trigger se-btn'\n\t\t\t\t\tdata-source-url='https:\/\/zahavietnam.com\/product\/dau-goi-derma-scalp-shampoo-giam-rung-toc-va-kich-thich-moc-toc-con-sao-chep\/'\n\t\t\t\t\thref='https:\/\/zahavietnam.com\/product\/dau-goi-derma-scalp-shampoo-giam-rung-toc-va-kich-thich-moc-toc-con-sao-chep\/'><br \/>\n\t\t\t\t<\/a><a href=\"?add-to-cart=1180\" aria-describedby=\"woocommerce_loop_add_to_cart_link_describedby_1180\" data-quantity=\"1\" data-product_id=\"1180\" data-product_sku=\"01-W-1-1\" aria-label=\"Th\u00eam v\u00e0o gi\u1ecf h\u00e0ng: &ldquo;D\u1ea7u g\u1ed9i Derma Scalp Shampoo - Gi\u1ea3m R\u1ee5ng T\u00f3c V\u00e0 K\u00edch Th\u00edch M\u1ecdc T\u00f3c Con (Sao ch\u00e9p)&rdquo;\" rel=\"nofollow\">Th\u00eam v\u00e0o gi\u1ecf h\u00e0ng<\/a><a data-payload='{\"pid\":1180}'>  <\/a><a data-source-url=\"https:\/\/zahavietnam.com\/thoan-toan\/\" href=\"#\"><\/a><br \/>\n            <a title=\"Product Thumbnail\" href=\"https:\/\/zahavietnam.com\/product\/dau-goi-dau-roy-shampoo-giam-rung-toc-va-kich-thich-moc-toc-con\/\"><br \/>\n\t\t\t\t<img loading=\"lazy\" width=\"2560\" height=\"2560\" src=\"https:\/\/zahavietnam.com\/wp-content\/uploads\/2024\/07\/Render_Mockup_3000_4000_2024-07-08-9-2-scaled.jpg\" alt=\"\" decoding=\"async\" srcset=\"https:\/\/zahavietnam.com\/wp-content\/uploads\/2024\/07\/Render_Mockup_3000_4000_2024-07-08-9-2-scaled.jpg 2560w, https:\/\/zahavietnam.com\/wp-content\/uploads\/2024\/07\/Render_Mockup_3000_4000_2024-07-08-9-2-300x300.jpg 300w, https:\/\/zahavietnam.com\/wp-content\/uploads\/2024\/07\/Render_Mockup_3000_4000_2024-07-08-9-2-1024x1024.jpg 1024w, https:\/\/zahavietnam.com\/wp-content\/uploads\/2024\/07\/Render_Mockup_3000_4000_2024-07-08-9-2-150x150.jpg 150w, https:\/\/zahavietnam.com\/wp-content\/uploads\/2024\/07\/Render_Mockup_3000_4000_2024-07-08-9-2-768x768.jpg 768w, https:\/\/zahavietnam.com\/wp-content\/uploads\/2024\/07\/Render_Mockup_3000_4000_2024-07-08-9-2-1536x1536.jpg 1536w, https:\/\/zahavietnam.com\/wp-content\/uploads\/2024\/07\/Render_Mockup_3000_4000_2024-07-08-9-2-2048x2048.jpg 2048w, https:\/\/zahavietnam.com\/wp-content\/uploads\/2024\/07\/Render_Mockup_3000_4000_2024-07-08-9-2-600x600.jpg 600w, https:\/\/zahavietnam.com\/wp-content\/uploads\/2024\/07\/Render_Mockup_3000_4000_2024-07-08-9-2-100x100.jpg 100w\" sizes=\"auto, (max-width: 2560px) 100vw, 2560px\" \/>            <\/a><br \/>\n            <!-- end sale date --><br \/>\n\t\t\t            <!-- tag and sale badge --><\/p>\n<ul>\n<li class='badge no-link sale'>Sale!<\/li>\n<\/ul>\n<p>            <!-- show group buttons --><br \/>\n\t\t\t\t\t\t<a data-pid=\"1179\" href=\"#\" ><\/a><a title='Quick View' class='shopengine-quickview-trigger se-btn'\n\t\t\t\t\tdata-source-url='https:\/\/zahavietnam.com\/product\/dau-goi-dau-roy-shampoo-giam-rung-toc-va-kich-thich-moc-toc-con\/'\n\t\t\t\t\thref='https:\/\/zahavietnam.com\/product\/dau-goi-dau-roy-shampoo-giam-rung-toc-va-kich-thich-moc-toc-con\/'><br \/>\n\t\t\t\t<\/a><a href=\"?add-to-cart=1179\" aria-describedby=\"woocommerce_loop_add_to_cart_link_describedby_1179\" data-quantity=\"1\" data-product_id=\"1179\" data-product_sku=\"01-W-1\" aria-label=\"Th\u00eam v\u00e0o gi\u1ecf h\u00e0ng: &ldquo;D\u1ea7u g\u1ed9i \u0111\u1ea7u Roy shampoo - Gi\u1ea3m R\u1ee5ng T\u00f3c V\u00e0 K\u00edch Th\u00edch M\u1ecdc T\u00f3c Con&rdquo;\" rel=\"nofollow\">Th\u00eam v\u00e0o gi\u1ecf h\u00e0ng<\/a><a data-payload='{\"pid\":1179}'>  <\/a><a data-source-url=\"https:\/\/zahavietnam.com\/thoan-toan\/\" href=\"#\"><\/a><\/p>\n<h3 class='product-title'>\n            <a title=\"View Product Details\" href=\"https:\/\/zahavietnam.com\/product\/dau-goi-dau-roy-shampoo-giam-rung-toc-va-kich-thich-moc-toc-con\/\">D\u1ea7u g\u1ed9i \u0111\u1ea7u Roy shampoo &#8211; Gi\u1ea3m R\u1ee5ng T\u00f3c V\u00e0 K\u00edch Th\u00edch M\u1ecdc T\u00f3c Con<\/a><br \/>\n        <\/h3>\n<p>\t\t\t\u0110\u01b0\u1ee3c x\u1ebfp h\u1ea1ng <strong>0<\/strong> 5 sao(0)        <\/p>\n<p><del><bdi>&#36;1,100,000.00<\/bdi><\/del> <ins><bdi>&#36;495,000.00<\/bdi><\/ins><br \/>&nbsp;55% OFF<\/p>\n<p>\t\t\t\t<a data-pid=\"1179\" href=\"#\" ><\/a><a title='Quick View' class='shopengine-quickview-trigger se-btn'\n\t\t\t\t\tdata-source-url='https:\/\/zahavietnam.com\/product\/dau-goi-dau-roy-shampoo-giam-rung-toc-va-kich-thich-moc-toc-con\/'\n\t\t\t\t\thref='https:\/\/zahavietnam.com\/product\/dau-goi-dau-roy-shampoo-giam-rung-toc-va-kich-thich-moc-toc-con\/'><br \/>\n\t\t\t\t<\/a><a href=\"?add-to-cart=1179\" aria-describedby=\"woocommerce_loop_add_to_cart_link_describedby_1179\" data-quantity=\"1\" data-product_id=\"1179\" data-product_sku=\"01-W-1\" aria-label=\"Th\u00eam v\u00e0o gi\u1ecf h\u00e0ng: &ldquo;D\u1ea7u g\u1ed9i \u0111\u1ea7u Roy shampoo - Gi\u1ea3m R\u1ee5ng T\u00f3c V\u00e0 K\u00edch Th\u00edch M\u1ecdc T\u00f3c Con&rdquo;\" rel=\"nofollow\">Th\u00eam v\u00e0o gi\u1ecf h\u00e0ng<\/a><a data-payload='{\"pid\":1179}'>  <\/a><a data-source-url=\"https:\/\/zahavietnam.com\/thoan-toan\/\" href=\"#\"><\/a><br \/>\n            <a title=\"Product Thumbnail\" href=\"https:\/\/zahavietnam.com\/product\/dau-goi-iris-giam-rung-toc-va-kich-thich-moc-toc-con\/\"><br \/>\n\t\t\t\t<img loading=\"lazy\" width=\"1920\" height=\"2560\" src=\"https:\/\/zahavietnam.com\/wp-content\/uploads\/2024\/07\/r7-scaled.jpg\" alt=\"\" decoding=\"async\" srcset=\"https:\/\/zahavietnam.com\/wp-content\/uploads\/2024\/07\/r7-scaled.jpg 1920w, https:\/\/zahavietnam.com\/wp-content\/uploads\/2024\/07\/r7-225x300.jpg 225w, https:\/\/zahavietnam.com\/wp-content\/uploads\/2024\/07\/r7-768x1024.jpg 768w, https:\/\/zahavietnam.com\/wp-content\/uploads\/2024\/07\/r7-1152x1536.jpg 1152w, https:\/\/zahavietnam.com\/wp-content\/uploads\/2024\/07\/r7-1536x2048.jpg 1536w, https:\/\/zahavietnam.com\/wp-content\/uploads\/2024\/07\/r7-600x800.jpg 600w\" sizes=\"auto, (max-width: 1920px) 100vw, 1920px\" \/>            <\/a><br \/>\n            <!-- end sale date --><br \/>\n\t\t\t            <!-- tag and sale badge --><\/p>\n<ul>\n<li class='badge no-link sale'>Sale!<\/li>\n<\/ul>\n<p>            <!-- show group buttons --><br \/>\n\t\t\t\t\t\t<a data-pid=\"1089\" href=\"#\" ><\/a><a title='Quick View' class='shopengine-quickview-trigger se-btn'\n\t\t\t\t\tdata-source-url='https:\/\/zahavietnam.com\/product\/dau-goi-iris-giam-rung-toc-va-kich-thich-moc-toc-con\/'\n\t\t\t\t\thref='https:\/\/zahavietnam.com\/product\/dau-goi-iris-giam-rung-toc-va-kich-thich-moc-toc-con\/'><br \/>\n\t\t\t\t<\/a><a href=\"?add-to-cart=1089\" aria-describedby=\"woocommerce_loop_add_to_cart_link_describedby_1089\" data-quantity=\"1\" data-product_id=\"1089\" data-product_sku=\"01-W\" aria-label=\"Th\u00eam v\u00e0o gi\u1ecf h\u00e0ng: &ldquo;D\u1ea7u G\u1ed9i Iris - Gi\u1ea3m R\u1ee5ng T\u00f3c V\u00e0 K\u00edch Th\u00edch M\u1ecdc T\u00f3c Con&rdquo;\" rel=\"nofollow\">Th\u00eam v\u00e0o gi\u1ecf h\u00e0ng<\/a><a data-payload='{\"pid\":1089}'>  <\/a><a data-source-url=\"https:\/\/zahavietnam.com\/thoan-toan\/\" href=\"#\"><\/a><\/p>\n<h3 class='product-title'>\n            <a title=\"View Product Details\" href=\"https:\/\/zahavietnam.com\/product\/dau-goi-iris-giam-rung-toc-va-kich-thich-moc-toc-con\/\">D\u1ea7u G\u1ed9i Iris &#8211; Gi\u1ea3m R\u1ee5ng T\u00f3c V\u00e0 K\u00edch Th\u00edch M\u1ecdc T\u00f3c Con<\/a><br \/>\n        <\/h3>\n<p>\t\t\t\u0110\u01b0\u1ee3c x\u1ebfp h\u1ea1ng <strong>0<\/strong> 5 sao(0)        <\/p>\n<p><del><bdi>&#36;1,100,000.00<\/bdi><\/del> <ins><bdi>&#36;495,000.00<\/bdi><\/ins><br \/>&nbsp;55% OFF<\/p>\n<p>\t\t\t\t<a data-pid=\"1089\" href=\"#\" ><\/a><a title='Quick View' class='shopengine-quickview-trigger se-btn'\n\t\t\t\t\tdata-source-url='https:\/\/zahavietnam.com\/product\/dau-goi-iris-giam-rung-toc-va-kich-thich-moc-toc-con\/'\n\t\t\t\t\thref='https:\/\/zahavietnam.com\/product\/dau-goi-iris-giam-rung-toc-va-kich-thich-moc-toc-con\/'><br \/>\n\t\t\t\t<\/a><a href=\"?add-to-cart=1089\" aria-describedby=\"woocommerce_loop_add_to_cart_link_describedby_1089\" data-quantity=\"1\" data-product_id=\"1089\" data-product_sku=\"01-W\" aria-label=\"Th\u00eam v\u00e0o gi\u1ecf h\u00e0ng: &ldquo;D\u1ea7u G\u1ed9i Iris - Gi\u1ea3m R\u1ee5ng T\u00f3c V\u00e0 K\u00edch Th\u00edch M\u1ecdc T\u00f3c Con&rdquo;\" rel=\"nofollow\">Th\u00eam v\u00e0o gi\u1ecf h\u00e0ng<\/a><a data-payload='{\"pid\":1089}'>  <\/a><a data-source-url=\"https:\/\/zahavietnam.com\/thoan-toan\/\" href=\"#\"><\/a><\/p>\n","protected":false},"excerpt":{"rendered":"<p>Sale! Th\u00eam v\u00e0o gi\u1ecf h\u00e0ng Serum Hair Regrowth 30ml \u0110\u01b0\u1ee3c x\u1ebfp h\u1ea1ng 0 5 sao(0) &#36;1,100,000.00 &#36;495,000.00&nbsp;55% OFF Th\u00eam v\u00e0o gi\u1ecf h\u00e0ng Sale! Th\u00eam v\u00e0o gi\u1ecf h\u00e0ng D\u1ea7u g\u1ed9i Derma Scalp Shampoo &#8211; Gi\u1ea3m R\u1ee5ng T\u00f3c V\u00e0 K\u00edch Th\u00edch M\u1ecdc T\u00f3c Con (Sao ch\u00e9p) \u0110\u01b0\u1ee3c x\u1ebfp h\u1ea1ng 0 5 sao(0) &#36;1,100,000.00 &#36;495,000.00&nbsp;55% OFF Th\u00eam v\u00e0o [&hellip;]<\/p>\n","protected":false},"author":1,"featured_media":0,"parent":237,"menu_order":0,"comment_status":"closed","ping_status":"closed","template":"","meta":{"postBodyMargin":[],"postBodyPadding":[],"postBodyBackground":{"backgroundType":"classic","gradient":""},"footnotes":""},"class_list":["post-1203","page","type-page","status-publish","hentry"],"jetpack_sharing_enabled":true,"_links":{"self":[{"href":"https:\/\/zahavietnam.com\/index.php?rest_route=\/wp\/v2\/pages\/1203","targetHints":{"allow":["GET"]}}],"collection":[{"href":"https:\/\/zahavietnam.com\/index.php?rest_route=\/wp\/v2\/pages"}],"about":[{"href":"https:\/\/zahavietnam.com\/index.php?rest_route=\/wp\/v2\/types\/page"}],"author":[{"embeddable":true,"href":"https:\/\/zahavietnam.com\/index.php?rest_route=\/wp\/v2\/users\/1"}],"replies":[{"embeddable":true,"href":"https:\/\/zahavietnam.com\/index.php?rest_route=%2Fwp%2Fv2%2Fcomments&post=1203"}],"version-history":[{"count":7,"href":"https:\/\/zahavietnam.com\/index.php?rest_route=\/wp\/v2\/pages\/1203\/revisions"}],"predecessor-version":[{"id":1213,"href":"https:\/\/zahavietnam.com\/index.php?rest_route=\/wp\/v2\/pages\/1203\/revisions\/1213"}],"up":[{"embeddable":true,"href":"https:\/\/zahavietnam.com\/index.php?rest_route=\/wp\/v2\/pages\/237"}],"wp:attachment":[{"href":"https:\/\/zahavietnam.com\/index.php?rest_route=%2Fwp%2Fv2%2Fmedia&parent=1203"}],"curies":[{"name":"wp","href":"https:\/\/api.w.org\/{rel}","templated":true}]}}